{"id":321,"date":"2018-09-20T08:39:57","date_gmt":"2018-09-20T07:39:57","guid":{"rendered":"http:\/\/www.eleca.eu\/?page_id=321"},"modified":"2019-07-30T19:46:08","modified_gmt":"2019-07-30T19:46:08","slug":"unternehmen","status":"publish","type":"page","link":"http:\/\/www.eleca.eu\/?page_id=321&lang=de","title":{"rendered":"Unternehmen"},"content":{"rendered":"<p>Eleca s.r.o wurde Anfang 2018 gegr\u00fcndet.<\/p>\n<p>Wir m\u00f6chten Ihnen unsere Erfahrung anbieten, um Ihnen folgende Vorteile zu bringen:<\/p>\n<p>Beschleunigung der Produktion,<\/p>\n<p>Vereinfachung der Bedienung,<\/p>\n<p>automatische Messung und Sammlung von tats\u00e4chlichen Indikatoren zu einen&nbsp; Daten Form konventieren<\/p>\n<p>Wir bringen L\u00f6sungen f\u00fcr die Qualit\u00e4tskontrolle mit automatischen Kamerasystemen<\/p>\n<p>wir bieten fachkundige technische \u00dcberwachung und Herstellungsberatung an<\/p>\n<p>wir produzieren Einzweckmaschinen,<\/p>\n<p>Wir finden L\u00f6sungen f\u00fcr die eure Produktion,<\/p>\n<p>Wir bauen elektrischen Anlagen und Elektroschr\u00e4nke<\/p>\n<p>Rekonstruktion von Maschinen und \u00e4lteren Produktionsanlagen<\/p>\n<p>&nbsp;<\/p>\n<p>Wir halten uns an die Richtlinien und Anforderungen unserer Kunden.<\/p>\n<p>Das Ziel unseres Unternehmens ist:<\/p>\n<p>Lieferung von Qualit\u00e4tsarbeit und Dienstleistungen an unsere Kunden<\/p>\n<p>Zufriedenheit und Fairplay f\u00fcr unsere Mitarbeiter<\/p>\n<p>p\u00fcnktliche Verbindlichkeiten gegen\u00fcber unseren Lieferanten<\/p>\n<p>st\u00e4ndig verbessern und multiplizieren Erfahrung und F\u00e4higkeiten.<\/p>\n<p>Wir kommunizieren auf Englisch, Deutsch oder Slowakisch<\/p>\n<p>Rastislav Motuz<\/p>\n<p>Gesch\u00e4ftsf\u00fchrer von Eleca s.r.o.<\/p>\n","protected":false},"excerpt":{"rendered":"<p>Eleca s.r.o wurde Anfang 2018 gegr\u00fcndet. Wir m\u00f6chten Ihnen unsere Erfahrung anbieten, um Ihnen folgende Vorteile zu bringen: Beschleunigung der Produktion, Vereinfachung der Bedienung, automatische Messung und Sammlung von tats\u00e4chlichen Indikatoren zu einen&nbsp; Daten Form konventieren Wir bringen L\u00f6sungen f\u00fcr die Qualit\u00e4tskontrolle mit automatischen Kamerasystemen wir bieten fachkundige technische \u00dcberwachung und Herstellungsberatung an wir produzieren &hellip; <\/p>\n<p class=\"link-more\"><a href=\"http:\/\/www.eleca.eu\/?page_id=321&#038;lang=de\" class=\"more-link\">Continue reading<span class=\"screen-reader-text\"> &#8220;Unternehmen&#8221;<\/span><\/a><\/p>\n","protected":false},"author":2,"featured_media":69,"parent":0,"menu_order":0,"comment_status":"closed","ping_status":"closed","template":"","meta":{"footnotes":""},"_links":{"self":[{"href":"http:\/\/www.eleca.eu\/index.php?rest_route=\/wp\/v2\/pages\/321"}],"collection":[{"href":"http:\/\/www.eleca.eu\/index.php?rest_route=\/wp\/v2\/pages"}],"about":[{"href":"http:\/\/www.eleca.eu\/index.php?rest_route=\/wp\/v2\/types\/page"}],"author":[{"embeddable":true,"href":"http:\/\/www.eleca.eu\/index.php?rest_route=\/wp\/v2\/users\/2"}],"replies":[{"embeddable":true,"href":"http:\/\/www.eleca.eu\/index.php?rest_route=%2Fwp%2Fv2%2Fcomments&post=321"}],"version-history":[{"count":1,"href":"http:\/\/www.eleca.eu\/index.php?rest_route=\/wp\/v2\/pages\/321\/revisions"}],"predecessor-version":[{"id":571,"href":"http:\/\/www.eleca.eu\/index.php?rest_route=\/wp\/v2\/pages\/321\/revisions\/571"}],"wp:featuredmedia":[{"embeddable":true,"href":"http:\/\/www.eleca.eu\/index.php?rest_route=\/wp\/v2\/media\/69"}],"wp:attachment":[{"href":"http:\/\/www.eleca.eu\/index.php?rest_route=%2Fwp%2Fv2%2Fmedia&parent=321"}],"curies":[{"name":"wp","href":"https:\/\/api.w.org\/{rel}","templated":true}]}}