{"id":345,"date":"2018-09-20T09:03:55","date_gmt":"2018-09-20T08:03:55","guid":{"rendered":"http:\/\/www.eleca.eu\/?page_id=345"},"modified":"2019-10-24T10:06:03","modified_gmt":"2019-10-24T10:06:03","slug":"kontaktdaten","status":"publish","type":"page","link":"http:\/\/www.eleca.eu\/?page_id=345&lang=de","title":{"rendered":"Kontaktdaten"},"content":{"rendered":"<p>Eleca s.r.o.<\/p>\n<p>Bulharska 17<\/p>\n<p>Nitra &#8211; 949 01<\/p>\n<p>Slowakische Republik<\/p>\n<p>I\u010cO: 51 167 182<\/p>\n<p>DI\u010c: 2120638421<\/p>\n<p>I\u010c DPH: SK2120638421<\/p>\n<p>Das Unternehmen ist registriert f\u00fcr den Empfang \/ die Zustellung einer Dienstleistung von \/ in einen anderen EU-Mitgliedstaat<\/p>\n<p>Mail an: office@eleca.eu oder: office@eleca.sk<\/p>\n<p>Bankkonto: Eleca s.r.o.<\/p>\n<p>IBAN: SK33 0900 0000 0051 4068 2704<\/p>\n<p>BIC \/ SWIFT: GIBASKBX<\/p>\n","protected":false},"excerpt":{"rendered":"<p>Eleca s.r.o. Bulharska 17 Nitra &#8211; 949 01 Slowakische Republik I\u010cO: 51 167 182 DI\u010c: 2120638421 I\u010c DPH: SK2120638421 Das Unternehmen ist registriert f\u00fcr den Empfang \/ die Zustellung einer Dienstleistung von \/ in einen anderen EU-Mitgliedstaat Mail an: office@eleca.eu oder: office@eleca.sk Bankkonto: Eleca s.r.o. IBAN: SK33 0900 0000 0051 4068 2704 BIC \/ SWIFT: &hellip; <\/p>\n<p class=\"link-more\"><a href=\"http:\/\/www.eleca.eu\/?page_id=345&#038;lang=de\" class=\"more-link\">Continue reading<span class=\"screen-reader-text\"> &#8220;Kontaktdaten&#8221;<\/span><\/a><\/p>\n","protected":false},"author":2,"featured_media":42,"parent":0,"menu_order":0,"comment_status":"closed","ping_status":"closed","template":"","meta":{"footnotes":""},"_links":{"self":[{"href":"http:\/\/www.eleca.eu\/index.php?rest_route=\/wp\/v2\/pages\/345"}],"collection":[{"href":"http:\/\/www.eleca.eu\/index.php?rest_route=\/wp\/v2\/pages"}],"about":[{"href":"http:\/\/www.eleca.eu\/index.php?rest_route=\/wp\/v2\/types\/page"}],"author":[{"embeddable":true,"href":"http:\/\/www.eleca.eu\/index.php?rest_route=\/wp\/v2\/users\/2"}],"replies":[{"embeddable":true,"href":"http:\/\/www.eleca.eu\/index.php?rest_route=%2Fwp%2Fv2%2Fcomments&post=345"}],"version-history":[{"count":2,"href":"http:\/\/www.eleca.eu\/index.php?rest_route=\/wp\/v2\/pages\/345\/revisions"}],"predecessor-version":[{"id":701,"href":"http:\/\/www.eleca.eu\/index.php?rest_route=\/wp\/v2\/pages\/345\/revisions\/701"}],"wp:featuredmedia":[{"embeddable":true,"href":"http:\/\/www.eleca.eu\/index.php?rest_route=\/wp\/v2\/media\/42"}],"wp:attachment":[{"href":"http:\/\/www.eleca.eu\/index.php?rest_route=%2Fwp%2Fv2%2Fmedia&parent=345"}],"curies":[{"name":"wp","href":"https:\/\/api.w.org\/{rel}","templated":true}]}}