{"id":95,"date":"2018-01-07T19:22:24","date_gmt":"2018-01-07T19:22:24","guid":{"rendered":"http:\/\/www.eleca.eu\/?page_id=95"},"modified":"2019-10-24T10:04:59","modified_gmt":"2019-10-24T10:04:59","slug":"contact-2","status":"publish","type":"page","link":"http:\/\/www.eleca.eu\/?page_id=95&lang=en","title":{"rendered":"Contact"},"content":{"rendered":"<p>Eleca s.r.o<\/p>\n<p>Bulharsk\u00e1 17<\/p>\n<p>Nitra &#8211; 949 01<\/p>\n<p>Slovak republic<\/p>\n<p>I\u010cO: 51 167 182<\/p>\n<p>DI\u010c: 2120638421<\/p>\n<p>I\u010c DPH:\u00a0 SK2120638421<\/p>\n<p>The company is registered for receiving \/ delivering a service from \/ to another EU Member State<\/p>\n<p>Mail to: office@eleca.eu\u00a0 \u00a0 or:\u00a0 office@eleca.sk<\/p>\n<p>Bank Account:\u00a0 Eleca s.r.o<\/p>\n<p>IBAN: SK33 0900 0000 0051 4068 2704<\/p>\n<p>BIC \/ SWIFT: GIBASKBX<\/p>\n","protected":false},"excerpt":{"rendered":"<p>Eleca s.r.o Bulharsk\u00e1 17 Nitra &#8211; 949 01 Slovak republic I\u010cO: 51 167 182 DI\u010c: 2120638421 I\u010c DPH:\u00a0 SK2120638421 The company is registered for receiving \/ delivering a service from \/ to another EU Member State Mail to: office@eleca.eu\u00a0 \u00a0 or:\u00a0 office@eleca.sk Bank Account:\u00a0 Eleca s.r.o IBAN: SK33 0900 0000 0051 4068 2704 BIC \/ &hellip; <\/p>\n<p class=\"link-more\"><a href=\"http:\/\/www.eleca.eu\/?page_id=95&#038;lang=en\" class=\"more-link\">Continue reading<span class=\"screen-reader-text\"> &#8220;Contact&#8221;<\/span><\/a><\/p>\n","protected":false},"author":2,"featured_media":42,"parent":0,"menu_order":0,"comment_status":"closed","ping_status":"closed","template":"","meta":{"footnotes":""},"_links":{"self":[{"href":"http:\/\/www.eleca.eu\/index.php?rest_route=\/wp\/v2\/pages\/95"}],"collection":[{"href":"http:\/\/www.eleca.eu\/index.php?rest_route=\/wp\/v2\/pages"}],"about":[{"href":"http:\/\/www.eleca.eu\/index.php?rest_route=\/wp\/v2\/types\/page"}],"author":[{"embeddable":true,"href":"http:\/\/www.eleca.eu\/index.php?rest_route=\/wp\/v2\/users\/2"}],"replies":[{"embeddable":true,"href":"http:\/\/www.eleca.eu\/index.php?rest_route=%2Fwp%2Fv2%2Fcomments&post=95"}],"version-history":[{"count":2,"href":"http:\/\/www.eleca.eu\/index.php?rest_route=\/wp\/v2\/pages\/95\/revisions"}],"predecessor-version":[{"id":699,"href":"http:\/\/www.eleca.eu\/index.php?rest_route=\/wp\/v2\/pages\/95\/revisions\/699"}],"wp:featuredmedia":[{"embeddable":true,"href":"http:\/\/www.eleca.eu\/index.php?rest_route=\/wp\/v2\/media\/42"}],"wp:attachment":[{"href":"http:\/\/www.eleca.eu\/index.php?rest_route=%2Fwp%2Fv2%2Fmedia&parent=95"}],"curies":[{"name":"wp","href":"https:\/\/api.w.org\/{rel}","templated":true}]}}