{"id":275,"date":"2018-04-08T13:07:54","date_gmt":"2018-04-08T12:07:54","guid":{"rendered":"http:\/\/www.eleca.eu\/?page_id=275"},"modified":"2023-10-25T16:38:13","modified_gmt":"2023-10-25T16:38:13","slug":"o-eleca-s-r-o-2","status":"publish","type":"page","link":"https:\/\/www.eleca.eu\/?page_id=275","title":{"rendered":"N\u00e1\u0161 profil"},"content":{"rendered":"<p>Spolo\u010dnos\u0165 Eleca s.r.o bola zalo\u017een\u00e1 za\u010diatkom roku 2018 ako pokra\u010dovanie kari\u00e9ry kolegov z oblasti servisu technol\u00f3gi\u00ed vyr\u00e1baj\u00facich \u010dipov\u00e9 karty.<\/p>\n<p>Na\u0161im cie\u013eom od za\u010diatku bolo prin\u00e1\u0161a\u0165 na\u0161im z\u00e1kazn\u00edkom v\u00fdnimo\u010dn\u00e9 v\u00fdhody, radi by sme z\u00faro\u010dili na\u0161e bohat\u00e9 sk\u00fasenosti a pon\u00fakli v\u00e1m nasleduj\u00face benefity:<\/p>\n<ol>\n<li><strong>Prinies\u0165 odborn\u00edka s nez\u00e1visl\u00fdm poh\u013eadom:<\/strong>\u00a0 poskytn\u00fa\u0165 technick\u00e9 rie\u0161enia alebo posilu pre firmy, ktor\u00e9 sa venuj\u00fa svojmu hlavn\u00e9mu \u010dinnosti, ale potrebuj\u00fa pomoc s rie\u0161en\u00edm pri konkr\u00e9tnych probl\u00e9moch alebo chc\u00fa do\u010dasne od\u013eah\u010di\u0165 svojich k\u013e\u00fa\u010dov\u00fdch zamestnancov.<\/li>\n<li><strong>Transfer Know-how: <\/strong>Sme pripraven\u00fd pom\u00f4c\u0165 s prenosom sk\u00fasenost\u00ed napr\u00edklad pri roz\u0161irovan\u00ed alebo s\u0165ahovan\u00ed prev\u00e1dzky m\u00e1me multi kult\u00farne sk\u00fasenosti z projektov v zahrani\u010d\u00ed EU: Slovensko, Nemecko, Gr\u00e9cko, \u010cechy,\u00a0 Bl\u00edzky v\u00fdchod: Irak<\/li>\n<li><strong>Zr\u00fdchlenie v\u00fdroby:<\/strong> Na\u0161imi inovat\u00edvnymi rie\u0161eniami a sk\u00fasenos\u0165ami v\u00e1m pom\u00f4\u017eeme zv\u00fd\u0161i\u0165 efektivitu v\u00fdroby.<\/li>\n<li><strong>Zjednodu\u0161enie obsluhy prev\u00e1dzky:<\/strong> Na\u0161i odborn\u00ed technici v\u00e1m pom\u00f4\u017eu automatizova\u0165 a zefekt\u00edvni\u0165 riadenie prev\u00e1dzky.<\/li>\n<li><strong>Automatick\u00e9 meranie a zhroma\u017e\u010fovanie d\u00e1t:<\/strong> S na\u0161imi syst\u00e9mami dok\u00e1\u017eete pohodlne sledova\u0165 a analyzova\u0165 d\u00f4le\u017eit\u00e9 prev\u00e1dzkov\u00e9 ukazovatele.<\/li>\n<li><strong>Kontrola kvality s automatick\u00fdmi kamerov\u00fdmi syst\u00e9mami:<\/strong> Na\u0161a spolo\u010dnos\u0165 integruje modern\u00e9 rie\u0161enia na zabezpe\u010denie vysok\u00e9ho \u0161tandardu kvality vo va\u0161ich produktoch.<\/li>\n<li><strong>Odborn\u00fd technick\u00fd dozor a v\u00fdrobn\u00e9 poradenstvo:<\/strong> Na\u0161i odborn\u00edci v\u00e1m pom\u00f4\u017eu dosiahnu\u0165 najlep\u0161ie v\u00fdsledky v oblasti technick\u00e9ho dozoru a v\u00fdrobn\u00e9ho poradenstva.<\/li>\n<li><strong>V\u00fdroba jedno\u00fa\u010delov\u00fdch strojov:<\/strong> Vyr\u00e1bame \u0161peci\u00e1lne stroje alebo aplik\u00e1cie presne pod\u013ea va\u0161ich potrieb.<\/li>\n<li><strong>Budovanie elektroin\u0161tal\u00e1ci\u00ed:<\/strong> Pom\u00f4\u017eeme v\u00e1m pri v\u00fdstavbe elektroin\u0161tal\u00e1ci\u00ed pre va\u0161u prev\u00e1dzku.<\/li>\n<li><strong>Rekon\u0161trukcia strojov a v\u00fdrobn\u00fdch zariaden\u00ed:<\/strong> Na\u0161a spolo\u010dnos\u0165 zabezpe\u010d\u00ed moderniz\u00e1ciu a rekon\u0161trukciu va\u0161ich existuj\u00facich zariaden\u00ed.<\/li>\n<li><strong>Dodr\u017eiavanie polit\u00edk a po\u017eiadaviek z\u00e1kazn\u00edkov, dodr\u017eiavanie <\/strong><strong>ml\u010danlivosti:<\/strong> Va\u0161a spokojnos\u0165 a va\u0161e po\u017eiadavky s\u00fa na\u0161\u00edm z\u00e1kladn\u00fdm kame\u0148om, sme zvyknut\u00fd dodr\u017eiava\u0165 politiky a kult\u00faru spolo\u010dnosti pre ktor\u00fa pracujeme ako aj ml\u010danlivos\u0165 pokia\u013e je to potrebn\u00e9.<\/li>\n<\/ol>\n<p>Cie\u013eom na\u0161ej spolo\u010dnosti je:<\/p>\n<ul>\n<li><strong>Vz\u00e1jomn\u00e1 d\u00f4vera a spolupatri\u010dnos\u0165.<\/strong><\/li>\n<li><strong>V\u00fdzvy a ciele na\u0161ich z\u00e1kazn\u00edkov s\u00fa z\u00e1rove\u0148 aj na\u0161imi.<\/strong><\/li>\n<li><strong>Merate\u013en\u00e9 v\u00fdsledky a pod\u00e1vanie spr\u00e1v pod\u013ea skuto\u010dnosti.<\/strong><\/li>\n<li><strong>Poskytova\u0165 kvalitn\u00fa pr\u00e1cu a slu\u017eby na\u0161im z\u00e1kazn\u00edkom.<\/strong><\/li>\n<li><strong>Zabezpe\u010di\u0165 spokojnos\u0165 a f\u00e9rov\u00fd pr\u00edstup pre na\u0161ich zamestnancov.<\/strong><\/li>\n<li><strong>Dodr\u017eiava\u0165 term\u00edny vo\u010di na\u0161im odberate\u013eom ako aj splatnosti smerom k dod\u00e1vate\u013eom a zamestnancom.<\/strong><\/li>\n<li><strong>Neust\u00e1le sa zdokona\u013eova\u0165 a zvy\u0161ova\u0165 na\u0161e sk\u00fasenosti a zru\u010dnosti.<\/strong><\/li>\n<\/ul>\n<p>Komunikujeme v angli\u010dtine, nem\u010dine alebo sloven\u010dine.<\/p>\n<p>\u010eakujeme za v\u00e1\u0161 z\u00e1ujem a budeme radi ak sa na n\u00e1s obr\u00e1tite.<\/p>\n<p>S pozdravom,<\/p>\n<p>Rastislav Mot\u00faz<br \/>\nCEO spolo\u010dnosti Eleca s.r.o<\/p>\n","protected":false},"excerpt":{"rendered":"<p>Spolo\u010dnos\u0165 Eleca s.r.o bola zalo\u017een\u00e1 za\u010diatkom roku 2018 ako pokra\u010dovanie kari\u00e9ry kolegov z oblasti servisu technol\u00f3gi\u00ed vyr\u00e1baj\u00facich \u010dipov\u00e9 karty. Na\u0161im cie\u013eom od za\u010diatku bolo prin\u00e1\u0161a\u0165 na\u0161im z\u00e1kazn\u00edkom v\u00fdnimo\u010dn\u00e9 v\u00fdhody, radi by sme z\u00faro\u010dili na\u0161e bohat\u00e9 sk\u00fasenosti a pon\u00fakli v\u00e1m nasleduj\u00face benefity: Prinies\u0165 odborn\u00edka s nez\u00e1visl\u00fdm poh\u013eadom:\u00a0 poskytn\u00fa\u0165 technick\u00e9 rie\u0161enia alebo posilu pre firmy, ktor\u00e9 sa &hellip; <\/p>\n<p class=\"link-more\"><a href=\"https:\/\/www.eleca.eu\/?page_id=275\" class=\"more-link\">Continue reading<span class=\"screen-reader-text\"> &#8220;N\u00e1\u0161 profil&#8221;<\/span><\/a><\/p>\n","protected":false},"author":2,"featured_media":69,"parent":0,"menu_order":0,"comment_status":"closed","ping_status":"closed","template":"","meta":{"footnotes":""},"_links":{"self":[{"href":"https:\/\/www.eleca.eu\/index.php?rest_route=\/wp\/v2\/pages\/275"}],"collection":[{"href":"https:\/\/www.eleca.eu\/index.php?rest_route=\/wp\/v2\/pages"}],"about":[{"href":"https:\/\/www.eleca.eu\/index.php?rest_route=\/wp\/v2\/types\/page"}],"author":[{"embeddable":true,"href":"https:\/\/www.eleca.eu\/index.php?rest_route=\/wp\/v2\/users\/2"}],"replies":[{"embeddable":true,"href":"https:\/\/www.eleca.eu\/index.php?rest_route=%2Fwp%2Fv2%2Fcomments&post=275"}],"version-history":[{"count":6,"href":"https:\/\/www.eleca.eu\/index.php?rest_route=\/wp\/v2\/pages\/275\/revisions"}],"predecessor-version":[{"id":898,"href":"https:\/\/www.eleca.eu\/index.php?rest_route=\/wp\/v2\/pages\/275\/revisions\/898"}],"wp:featuredmedia":[{"embeddable":true,"href":"https:\/\/www.eleca.eu\/index.php?rest_route=\/wp\/v2\/media\/69"}],"wp:attachment":[{"href":"https:\/\/www.eleca.eu\/index.php?rest_route=%2Fwp%2Fv2%2Fmedia&parent=275"}],"curies":[{"name":"wp","href":"https:\/\/api.w.org\/{rel}","templated":true}]}}