{"id":286,"date":"2018-04-08T13:52:59","date_gmt":"2018-04-08T12:52:59","guid":{"rendered":"http:\/\/www.eleca.eu\/?page_id=286"},"modified":"2019-10-24T10:05:34","modified_gmt":"2019-10-24T10:05:34","slug":"kontakt","status":"publish","type":"page","link":"https:\/\/www.eleca.eu\/?page_id=286","title":{"rendered":"Kontakt"},"content":{"rendered":"<p>Eleca s.r.o<\/p>\n<p>Bulharsk\u00e1 17<\/p>\n<p>Nitra &#8211; 949 01<\/p>\n<p>Slovensk\u00e1 republika<\/p>\n<p>I\u010cO: 51 167 182<\/p>\n<p>DI\u010c: 2120638421<\/p>\n<p>I\u010c DPH:\u00a0 SK2120638421<\/p>\n<p>Spolo\u010dnos\u0165 je registrovan\u00e1 na prij\u00edmanie \/ poskytovanie slu\u017eby z \/ do in\u00e9ho \u010dlensk\u00e9ho \u0161t\u00e1tu E\u00da<\/p>\n<p>Mailov\u00e1 adresa: office@eleca.eu\u00a0 \u00a0 alebo:\u00a0 office@eleca.sk<\/p>\n<p>Bankov\u00e9 spojenie:\u00a0 Eleca s.r.o<\/p>\n<p>IBAN: SK33 0900 0000 0051 4068 2704<\/p>\n<p>BIC \/ SWIFT: GIBASKBX<\/p>\n","protected":false},"excerpt":{"rendered":"<p>Eleca s.r.o Bulharsk\u00e1 17 Nitra &#8211; 949 01 Slovensk\u00e1 republika I\u010cO: 51 167 182 DI\u010c: 2120638421 I\u010c DPH:\u00a0 SK2120638421 Spolo\u010dnos\u0165 je registrovan\u00e1 na prij\u00edmanie \/ poskytovanie slu\u017eby z \/ do in\u00e9ho \u010dlensk\u00e9ho \u0161t\u00e1tu E\u00da Mailov\u00e1 adresa: office@eleca.eu\u00a0 \u00a0 alebo:\u00a0 office@eleca.sk Bankov\u00e9 spojenie:\u00a0 Eleca s.r.o IBAN: SK33 0900 0000 0051 4068 2704 BIC \/ SWIFT: GIBASKBX<\/p>\n","protected":false},"author":2,"featured_media":42,"parent":0,"menu_order":0,"comment_status":"closed","ping_status":"closed","template":"","meta":{"footnotes":""},"_links":{"self":[{"href":"https:\/\/www.eleca.eu\/index.php?rest_route=\/wp\/v2\/pages\/286"}],"collection":[{"href":"https:\/\/www.eleca.eu\/index.php?rest_route=\/wp\/v2\/pages"}],"about":[{"href":"https:\/\/www.eleca.eu\/index.php?rest_route=\/wp\/v2\/types\/page"}],"author":[{"embeddable":true,"href":"https:\/\/www.eleca.eu\/index.php?rest_route=\/wp\/v2\/users\/2"}],"replies":[{"embeddable":true,"href":"https:\/\/www.eleca.eu\/index.php?rest_route=%2Fwp%2Fv2%2Fcomments&post=286"}],"version-history":[{"count":1,"href":"https:\/\/www.eleca.eu\/index.php?rest_route=\/wp\/v2\/pages\/286\/revisions"}],"predecessor-version":[{"id":700,"href":"https:\/\/www.eleca.eu\/index.php?rest_route=\/wp\/v2\/pages\/286\/revisions\/700"}],"wp:featuredmedia":[{"embeddable":true,"href":"https:\/\/www.eleca.eu\/index.php?rest_route=\/wp\/v2\/media\/42"}],"wp:attachment":[{"href":"https:\/\/www.eleca.eu\/index.php?rest_route=%2Fwp%2Fv2%2Fmedia&parent=286"}],"curies":[{"name":"wp","href":"https:\/\/api.w.org\/{rel}","templated":true}]}}