{"id":334,"date":"2018-09-20T08:58:18","date_gmt":"2018-09-20T07:58:18","guid":{"rendered":"http:\/\/www.eleca.eu\/?page_id=334"},"modified":"2022-11-04T04:25:46","modified_gmt":"2022-11-04T04:25:46","slug":"certifikaty-a-osvedcenia","status":"publish","type":"page","link":"https:\/\/www.eleca.eu\/?page_id=334","title":{"rendered":"Certifik\u00e1ty a osved\u010denia referencie."},"content":{"rendered":"<p>Na tomto mieste n\u00e1jdete na\u0161e certifik\u00e1ty a osved\u010denia<\/p>\n<div id='gallery-1' class='gallery galleryid-334 gallery-columns-3 gallery-size-medium'><figure class='gallery-item'>\n\t\t\t<div class='gallery-icon portrait'>\n\t\t\t\t<a href='https:\/\/www.eleca.eu\/?attachment_id=882'><img loading=\"lazy\" decoding=\"async\" width=\"220\" height=\"300\" src=\"https:\/\/www.eleca.eu\/wp-content\/uploads\/2022\/11\/Bez-nazvu-220x300.png\" class=\"attachment-medium size-medium\" alt=\"\" srcset=\"https:\/\/www.eleca.eu\/wp-content\/uploads\/2022\/11\/Bez-nazvu-220x300.png 220w, https:\/\/www.eleca.eu\/wp-content\/uploads\/2022\/11\/Bez-nazvu.png 443w\" sizes=\"100vw\" \/><\/a>\n\t\t\t<\/div><\/figure><figure class='gallery-item'>\n\t\t\t<div class='gallery-icon portrait'>\n\t\t\t\t<a href='https:\/\/www.eleca.eu\/?attachment_id=767'><img loading=\"lazy\" decoding=\"async\" width=\"215\" height=\"300\" src=\"https:\/\/www.eleca.eu\/wp-content\/uploads\/2021\/02\/Licencia-215x300.jpg\" class=\"attachment-medium size-medium\" alt=\"\" srcset=\"https:\/\/www.eleca.eu\/wp-content\/uploads\/2021\/02\/Licencia-215x300.jpg 215w, https:\/\/www.eleca.eu\/wp-content\/uploads\/2021\/02\/Licencia-735x1024.jpg 735w, https:\/\/www.eleca.eu\/wp-content\/uploads\/2021\/02\/Licencia-768x1070.jpg 768w, https:\/\/www.eleca.eu\/wp-content\/uploads\/2021\/02\/Licencia-1102x1536.jpg 1102w, https:\/\/www.eleca.eu\/wp-content\/uploads\/2021\/02\/Licencia-1469x2048.jpg 1469w, https:\/\/www.eleca.eu\/wp-content\/uploads\/2021\/02\/Licencia-e1613312356685.jpg 1024w\" sizes=\"100vw\" \/><\/a>\n\t\t\t<\/div><\/figure><figure class='gallery-item'>\n\t\t\t<div class='gallery-icon portrait'>\n\t\t\t\t<a href='https:\/\/www.eleca.eu\/?attachment_id=178'><img loading=\"lazy\" decoding=\"async\" width=\"212\" height=\"300\" src=\"https:\/\/www.eleca.eu\/wp-content\/uploads\/2018\/01\/Siemens_Osvedcenie_1500_1200_Mash-3-212x300.jpg\" class=\"attachment-medium size-medium\" alt=\"\" srcset=\"https:\/\/www.eleca.eu\/wp-content\/uploads\/2018\/01\/Siemens_Osvedcenie_1500_1200_Mash-3-212x300.jpg 212w, https:\/\/www.eleca.eu\/wp-content\/uploads\/2018\/01\/Siemens_Osvedcenie_1500_1200_Mash-3-768x1086.jpg 768w, https:\/\/www.eleca.eu\/wp-content\/uploads\/2018\/01\/Siemens_Osvedcenie_1500_1200_Mash-3-724x1024.jpg 724w, https:\/\/www.eleca.eu\/wp-content\/uploads\/2018\/01\/Siemens_Osvedcenie_1500_1200_Mash-3.jpg 1653w\" sizes=\"100vw\" \/><\/a>\n\t\t\t<\/div><\/figure><figure class='gallery-item'>\n\t\t\t<div class='gallery-icon portrait'>\n\t\t\t\t<a href='https:\/\/www.eleca.eu\/?attachment_id=177'><img loading=\"lazy\" decoding=\"async\" width=\"212\" height=\"300\" src=\"https:\/\/www.eleca.eu\/wp-content\/uploads\/2018\/01\/Siemens_Certifikat_Tia_Maint-2-212x300.jpg\" class=\"attachment-medium size-medium\" alt=\"\" srcset=\"https:\/\/www.eleca.eu\/wp-content\/uploads\/2018\/01\/Siemens_Certifikat_Tia_Maint-2-212x300.jpg 212w, https:\/\/www.eleca.eu\/wp-content\/uploads\/2018\/01\/Siemens_Certifikat_Tia_Maint-2-768x1086.jpg 768w, https:\/\/www.eleca.eu\/wp-content\/uploads\/2018\/01\/Siemens_Certifikat_Tia_Maint-2-724x1024.jpg 724w, https:\/\/www.eleca.eu\/wp-content\/uploads\/2018\/01\/Siemens_Certifikat_Tia_Maint-2.jpg 1653w\" sizes=\"100vw\" \/><\/a>\n\t\t\t<\/div><\/figure><figure class='gallery-item'>\n\t\t\t<div class='gallery-icon portrait'>\n\t\t\t\t<a href='https:\/\/www.eleca.eu\/?attachment_id=176'><img loading=\"lazy\" decoding=\"async\" width=\"212\" height=\"300\" src=\"https:\/\/www.eleca.eu\/wp-content\/uploads\/2018\/01\/SCAN_20161003_101633956-2-212x300.jpg\" class=\"attachment-medium size-medium\" alt=\"\" srcset=\"https:\/\/www.eleca.eu\/wp-content\/uploads\/2018\/01\/SCAN_20161003_101633956-2-212x300.jpg 212w, https:\/\/www.eleca.eu\/wp-content\/uploads\/2018\/01\/SCAN_20161003_101633956-2-768x1086.jpg 768w, https:\/\/www.eleca.eu\/wp-content\/uploads\/2018\/01\/SCAN_20161003_101633956-2-724x1024.jpg 724w\" sizes=\"100vw\" \/><\/a>\n\t\t\t<\/div><\/figure><figure class='gallery-item'>\n\t\t\t<div class='gallery-icon portrait'>\n\t\t\t\t<a href='https:\/\/www.eleca.eu\/?attachment_id=175'><img loading=\"lazy\" decoding=\"async\" width=\"212\" height=\"300\" src=\"https:\/\/www.eleca.eu\/wp-content\/uploads\/2018\/01\/Lightig_Vysvedcenie-2-212x300.jpg\" class=\"attachment-medium size-medium\" alt=\"\" srcset=\"https:\/\/www.eleca.eu\/wp-content\/uploads\/2018\/01\/Lightig_Vysvedcenie-2-212x300.jpg 212w, https:\/\/www.eleca.eu\/wp-content\/uploads\/2018\/01\/Lightig_Vysvedcenie-2-768x1086.jpg 768w, https:\/\/www.eleca.eu\/wp-content\/uploads\/2018\/01\/Lightig_Vysvedcenie-2-724x1024.jpg 724w, https:\/\/www.eleca.eu\/wp-content\/uploads\/2018\/01\/Lightig_Vysvedcenie-2.jpg 1653w\" sizes=\"100vw\" \/><\/a>\n\t\t\t<\/div><\/figure><figure class='gallery-item'>\n\t\t\t<div class='gallery-icon portrait'>\n\t\t\t\t<a href='https:\/\/www.eleca.eu\/?attachment_id=174'><img loading=\"lazy\" decoding=\"async\" width=\"212\" height=\"300\" src=\"https:\/\/www.eleca.eu\/wp-content\/uploads\/2018\/01\/Lightig_Osvedcenie_22-2-212x300.jpg\" class=\"attachment-medium size-medium\" alt=\"\" srcset=\"https:\/\/www.eleca.eu\/wp-content\/uploads\/2018\/01\/Lightig_Osvedcenie_22-2-212x300.jpg 212w, https:\/\/www.eleca.eu\/wp-content\/uploads\/2018\/01\/Lightig_Osvedcenie_22-2-768x1086.jpg 768w, https:\/\/www.eleca.eu\/wp-content\/uploads\/2018\/01\/Lightig_Osvedcenie_22-2-724x1024.jpg 724w, https:\/\/www.eleca.eu\/wp-content\/uploads\/2018\/01\/Lightig_Osvedcenie_22-2.jpg 1653w\" sizes=\"100vw\" \/><\/a>\n\t\t\t<\/div><\/figure><figure class='gallery-item'>\n\t\t\t<div class='gallery-icon landscape'>\n\t\t\t\t<a href='https:\/\/www.eleca.eu\/?attachment_id=173'><img loading=\"lazy\" decoding=\"async\" width=\"300\" height=\"212\" src=\"https:\/\/www.eleca.eu\/wp-content\/uploads\/2018\/01\/Lean-Shop-Floor-2-300x212.jpg\" class=\"attachment-medium size-medium\" alt=\"\" srcset=\"https:\/\/www.eleca.eu\/wp-content\/uploads\/2018\/01\/Lean-Shop-Floor-2-300x212.jpg 300w, https:\/\/www.eleca.eu\/wp-content\/uploads\/2018\/01\/Lean-Shop-Floor-2-768x543.jpg 768w, https:\/\/www.eleca.eu\/wp-content\/uploads\/2018\/01\/Lean-Shop-Floor-2-1024x724.jpg 1024w\" sizes=\"100vw\" \/><\/a>\n\t\t\t<\/div><\/figure><figure class='gallery-item'>\n\t\t\t<div class='gallery-icon portrait'>\n\t\t\t\t<a href='https:\/\/www.eleca.eu\/?attachment_id=172'><img loading=\"lazy\" decoding=\"async\" width=\"212\" height=\"300\" src=\"https:\/\/www.eleca.eu\/wp-content\/uploads\/2018\/01\/Elektro_osvedcenie_23-2-212x300.jpg\" class=\"attachment-medium size-medium\" alt=\"\" srcset=\"https:\/\/www.eleca.eu\/wp-content\/uploads\/2018\/01\/Elektro_osvedcenie_23-2-212x300.jpg 212w, https:\/\/www.eleca.eu\/wp-content\/uploads\/2018\/01\/Elektro_osvedcenie_23-2-768x1086.jpg 768w, https:\/\/www.eleca.eu\/wp-content\/uploads\/2018\/01\/Elektro_osvedcenie_23-2-724x1024.jpg 724w, https:\/\/www.eleca.eu\/wp-content\/uploads\/2018\/01\/Elektro_osvedcenie_23-2.jpg 1653w\" sizes=\"100vw\" \/><\/a>\n\t\t\t<\/div><\/figure><figure class='gallery-item'>\n\t\t\t<div class='gallery-icon landscape'>\n\t\t\t\t<a href='https:\/\/www.eleca.eu\/?attachment_id=171'><img loading=\"lazy\" decoding=\"async\" width=\"300\" height=\"212\" src=\"https:\/\/www.eleca.eu\/wp-content\/uploads\/2018\/01\/CIP_GD_Robust-2-300x212.jpg\" class=\"attachment-medium size-medium\" alt=\"\" srcset=\"https:\/\/www.eleca.eu\/wp-content\/uploads\/2018\/01\/CIP_GD_Robust-2-300x212.jpg 300w, https:\/\/www.eleca.eu\/wp-content\/uploads\/2018\/01\/CIP_GD_Robust-2-768x543.jpg 768w, https:\/\/www.eleca.eu\/wp-content\/uploads\/2018\/01\/CIP_GD_Robust-2-1024x724.jpg 1024w\" sizes=\"100vw\" \/><\/a>\n\t\t\t<\/div><\/figure><figure class='gallery-item'>\n\t\t\t<div class='gallery-icon portrait'>\n\t\t\t\t<a href='https:\/\/www.eleca.eu\/?attachment_id=170'><img loading=\"lazy\" decoding=\"async\" width=\"212\" height=\"300\" src=\"https:\/\/www.eleca.eu\/wp-content\/uploads\/2018\/01\/Certifikat_TPM_Frauenhofer-2-212x300.jpg\" class=\"attachment-medium size-medium\" alt=\"\" srcset=\"https:\/\/www.eleca.eu\/wp-content\/uploads\/2018\/01\/Certifikat_TPM_Frauenhofer-2-212x300.jpg 212w, https:\/\/www.eleca.eu\/wp-content\/uploads\/2018\/01\/Certifikat_TPM_Frauenhofer-2-768x1086.jpg 768w, https:\/\/www.eleca.eu\/wp-content\/uploads\/2018\/01\/Certifikat_TPM_Frauenhofer-2-724x1024.jpg 724w, https:\/\/www.eleca.eu\/wp-content\/uploads\/2018\/01\/Certifikat_TPM_Frauenhofer-2.jpg 1653w\" sizes=\"100vw\" \/><\/a>\n\t\t\t<\/div><\/figure><figure class='gallery-item'>\n\t\t\t<div class='gallery-icon portrait'>\n\t\t\t\t<a href='https:\/\/www.eleca.eu\/?attachment_id=169'><img loading=\"lazy\" decoding=\"async\" width=\"212\" height=\"300\" src=\"https:\/\/www.eleca.eu\/wp-content\/uploads\/2018\/01\/Certificate_maintenance_Rasco-2-212x300.jpg\" class=\"attachment-medium size-medium\" alt=\"\" srcset=\"https:\/\/www.eleca.eu\/wp-content\/uploads\/2018\/01\/Certificate_maintenance_Rasco-2-212x300.jpg 212w, https:\/\/www.eleca.eu\/wp-content\/uploads\/2018\/01\/Certificate_maintenance_Rasco-2-768x1086.jpg 768w, https:\/\/www.eleca.eu\/wp-content\/uploads\/2018\/01\/Certificate_maintenance_Rasco-2-724x1024.jpg 724w, https:\/\/www.eleca.eu\/wp-content\/uploads\/2018\/01\/Certificate_maintenance_Rasco-2.jpg 1653w\" sizes=\"100vw\" \/><\/a>\n\t\t\t<\/div><\/figure><figure class='gallery-item'>\n\t\t\t<div class='gallery-icon portrait'>\n\t\t\t\t<a href='https:\/\/www.eleca.eu\/?attachment_id=168'><img loading=\"lazy\" decoding=\"async\" width=\"212\" height=\"300\" src=\"https:\/\/www.eleca.eu\/wp-content\/uploads\/2018\/01\/Certificate_Efector_Ifm-2-212x300.jpg\" class=\"attachment-medium size-medium\" alt=\"\" srcset=\"https:\/\/www.eleca.eu\/wp-content\/uploads\/2018\/01\/Certificate_Efector_Ifm-2-212x300.jpg 212w, https:\/\/www.eleca.eu\/wp-content\/uploads\/2018\/01\/Certificate_Efector_Ifm-2-768x1086.jpg 768w, https:\/\/www.eleca.eu\/wp-content\/uploads\/2018\/01\/Certificate_Efector_Ifm-2-724x1024.jpg 724w, https:\/\/www.eleca.eu\/wp-content\/uploads\/2018\/01\/Certificate_Efector_Ifm-2.jpg 1653w\" sizes=\"100vw\" \/><\/a>\n\t\t\t<\/div><\/figure><figure class='gallery-item'>\n\t\t\t<div class='gallery-icon landscape'>\n\t\t\t\t<a href='https:\/\/www.eleca.eu\/?attachment_id=167'><img loading=\"lazy\" decoding=\"async\" width=\"300\" height=\"212\" src=\"https:\/\/www.eleca.eu\/wp-content\/uploads\/2018\/01\/Certificate_Datacard_Snooper_SQ45-2-300x212.jpg\" class=\"attachment-medium size-medium\" alt=\"\" srcset=\"https:\/\/www.eleca.eu\/wp-content\/uploads\/2018\/01\/Certificate_Datacard_Snooper_SQ45-2-300x212.jpg 300w, https:\/\/www.eleca.eu\/wp-content\/uploads\/2018\/01\/Certificate_Datacard_Snooper_SQ45-2-768x543.jpg 768w, https:\/\/www.eleca.eu\/wp-content\/uploads\/2018\/01\/Certificate_Datacard_Snooper_SQ45-2-1024x724.jpg 1024w\" sizes=\"100vw\" \/><\/a>\n\t\t\t<\/div><\/figure><figure class='gallery-item'>\n\t\t\t<div class='gallery-icon landscape'>\n\t\t\t\t<a href='https:\/\/www.eleca.eu\/?attachment_id=166'><img loading=\"lazy\" decoding=\"async\" width=\"300\" height=\"212\" src=\"https:\/\/www.eleca.eu\/wp-content\/uploads\/2018\/01\/Certificate_Datacard_MX2000-2-300x212.jpg\" class=\"attachment-medium size-medium\" alt=\"\" srcset=\"https:\/\/www.eleca.eu\/wp-content\/uploads\/2018\/01\/Certificate_Datacard_MX2000-2-300x212.jpg 300w, https:\/\/www.eleca.eu\/wp-content\/uploads\/2018\/01\/Certificate_Datacard_MX2000-2-768x543.jpg 768w, https:\/\/www.eleca.eu\/wp-content\/uploads\/2018\/01\/Certificate_Datacard_MX2000-2-1024x724.jpg 1024w\" sizes=\"100vw\" \/><\/a>\n\t\t\t<\/div><\/figure><figure class='gallery-item'>\n\t\t\t<div class='gallery-icon portrait'>\n\t\t\t\t<a href='https:\/\/www.eleca.eu\/?attachment_id=165'><img loading=\"lazy\" decoding=\"async\" width=\"212\" height=\"300\" src=\"https:\/\/www.eleca.eu\/wp-content\/uploads\/2018\/01\/AV_Elektrotechnik_02-2-212x300.jpg\" class=\"attachment-medium size-medium\" alt=\"\" srcset=\"https:\/\/www.eleca.eu\/wp-content\/uploads\/2018\/01\/AV_Elektrotechnik_02-2-212x300.jpg 212w, https:\/\/www.eleca.eu\/wp-content\/uploads\/2018\/01\/AV_Elektrotechnik_02-2-768x1086.jpg 768w, https:\/\/www.eleca.eu\/wp-content\/uploads\/2018\/01\/AV_Elektrotechnik_02-2-724x1024.jpg 724w, https:\/\/www.eleca.eu\/wp-content\/uploads\/2018\/01\/AV_Elektrotechnik_02-2.jpg 1653w\" sizes=\"100vw\" \/><\/a>\n\t\t\t<\/div><\/figure><figure class='gallery-item'>\n\t\t\t<div class='gallery-icon portrait'>\n\t\t\t\t<a href='https:\/\/www.eleca.eu\/?attachment_id=164'><img loading=\"lazy\" decoding=\"async\" width=\"212\" height=\"300\" src=\"https:\/\/www.eleca.eu\/wp-content\/uploads\/2018\/01\/AV_Elektotechnik_00-2-212x300.jpg\" class=\"attachment-medium size-medium\" alt=\"\" srcset=\"https:\/\/www.eleca.eu\/wp-content\/uploads\/2018\/01\/AV_Elektotechnik_00-2-212x300.jpg 212w, https:\/\/www.eleca.eu\/wp-content\/uploads\/2018\/01\/AV_Elektotechnik_00-2-768x1086.jpg 768w, https:\/\/www.eleca.eu\/wp-content\/uploads\/2018\/01\/AV_Elektotechnik_00-2-724x1024.jpg 724w, https:\/\/www.eleca.eu\/wp-content\/uploads\/2018\/01\/AV_Elektotechnik_00-2.jpg 1653w\" sizes=\"100vw\" \/><\/a>\n\t\t\t<\/div><\/figure><figure class='gallery-item'>\n\t\t\t<div class='gallery-icon landscape'>\n\t\t\t\t<a href='https:\/\/www.eleca.eu\/?attachment_id=778'><img loading=\"lazy\" decoding=\"async\" width=\"300\" height=\"212\" src=\"https:\/\/www.eleca.eu\/wp-content\/uploads\/2021\/02\/Omron_PLC-300x212.jpg\" class=\"attachment-medium size-medium\" alt=\"\" srcset=\"https:\/\/www.eleca.eu\/wp-content\/uploads\/2021\/02\/Omron_PLC-300x212.jpg 300w, https:\/\/www.eleca.eu\/wp-content\/uploads\/2021\/02\/Omron_PLC-1024x724.jpg 1024w, https:\/\/www.eleca.eu\/wp-content\/uploads\/2021\/02\/Omron_PLC-768x543.jpg 768w, https:\/\/www.eleca.eu\/wp-content\/uploads\/2021\/02\/Omron_PLC-1536x1086.jpg 1536w, https:\/\/www.eleca.eu\/wp-content\/uploads\/2021\/02\/Omron_PLC-2048x1448.jpg 2048w\" sizes=\"100vw\" \/><\/a>\n\t\t\t<\/div><\/figure><figure class='gallery-item'>\n\t\t\t<div class='gallery-icon portrait'>\n\t\t\t\t<a href='https:\/\/www.eleca.eu\/?attachment_id=780'><img loading=\"lazy\" decoding=\"async\" width=\"213\" height=\"300\" src=\"https:\/\/www.eleca.eu\/wp-content\/uploads\/2021\/02\/Empfehlungschreiben-213x300.jpg\" class=\"attachment-medium size-medium\" alt=\"\" srcset=\"https:\/\/www.eleca.eu\/wp-content\/uploads\/2021\/02\/Empfehlungschreiben-213x300.jpg 213w, https:\/\/www.eleca.eu\/wp-content\/uploads\/2021\/02\/Empfehlungschreiben-726x1024.jpg 726w, https:\/\/www.eleca.eu\/wp-content\/uploads\/2021\/02\/Empfehlungschreiben-768x1083.jpg 768w, https:\/\/www.eleca.eu\/wp-content\/uploads\/2021\/02\/Empfehlungschreiben.jpg 853w\" sizes=\"100vw\" \/><\/a>\n\t\t\t<\/div><\/figure><figure class='gallery-item'>\n\t\t\t<div class='gallery-icon portrait'>\n\t\t\t\t<a href='https:\/\/www.eleca.eu\/?attachment_id=781'><img loading=\"lazy\" decoding=\"async\" width=\"218\" height=\"300\" src=\"https:\/\/www.eleca.eu\/wp-content\/uploads\/2021\/02\/Siemens-218x300.jpg\" class=\"attachment-medium size-medium\" alt=\"\" srcset=\"https:\/\/www.eleca.eu\/wp-content\/uploads\/2021\/02\/Siemens-218x300.jpg 218w, https:\/\/www.eleca.eu\/wp-content\/uploads\/2021\/02\/Siemens-745x1024.jpg 745w, https:\/\/www.eleca.eu\/wp-content\/uploads\/2021\/02\/Siemens-768x1056.jpg 768w, https:\/\/www.eleca.eu\/wp-content\/uploads\/2021\/02\/Siemens.jpg 850w\" sizes=\"100vw\" \/><\/a>\n\t\t\t<\/div><\/figure><figure class='gallery-item'>\n\t\t\t<div class='gallery-icon portrait'>\n\t\t\t\t<a href='https:\/\/www.eleca.eu\/?attachment_id=782'><img loading=\"lazy\" decoding=\"async\" width=\"212\" height=\"300\" src=\"https:\/\/www.eleca.eu\/wp-content\/uploads\/2021\/02\/Siemens_Osvedcenie_S7_1200_NES-212x300.jpg\" class=\"attachment-medium size-medium\" alt=\"\" srcset=\"https:\/\/www.eleca.eu\/wp-content\/uploads\/2021\/02\/Siemens_Osvedcenie_S7_1200_NES-212x300.jpg 212w, https:\/\/www.eleca.eu\/wp-content\/uploads\/2021\/02\/Siemens_Osvedcenie_S7_1200_NES-724x1024.jpg 724w, https:\/\/www.eleca.eu\/wp-content\/uploads\/2021\/02\/Siemens_Osvedcenie_S7_1200_NES-768x1086.jpg 768w, https:\/\/www.eleca.eu\/wp-content\/uploads\/2021\/02\/Siemens_Osvedcenie_S7_1200_NES-1086x1536.jpg 1086w, https:\/\/www.eleca.eu\/wp-content\/uploads\/2021\/02\/Siemens_Osvedcenie_S7_1200_NES-1448x2048.jpg 1448w, https:\/\/www.eleca.eu\/wp-content\/uploads\/2021\/02\/Siemens_Osvedcenie_S7_1200_NES.jpg 1653w\" sizes=\"100vw\" \/><\/a>\n\t\t\t<\/div><\/figure><figure class='gallery-item'>\n\t\t\t<div class='gallery-icon portrait'>\n\t\t\t\t<a href='https:\/\/www.eleca.eu\/?attachment_id=783'><img loading=\"lazy\" decoding=\"async\" width=\"212\" height=\"300\" src=\"https:\/\/www.eleca.eu\/wp-content\/uploads\/2021\/02\/Siemens_Osvedcenie_Step7_Serv_NES-212x300.jpg\" class=\"attachment-medium size-medium\" alt=\"\" srcset=\"https:\/\/www.eleca.eu\/wp-content\/uploads\/2021\/02\/Siemens_Osvedcenie_Step7_Serv_NES-212x300.jpg 212w, https:\/\/www.eleca.eu\/wp-content\/uploads\/2021\/02\/Siemens_Osvedcenie_Step7_Serv_NES-724x1024.jpg 724w, https:\/\/www.eleca.eu\/wp-content\/uploads\/2021\/02\/Siemens_Osvedcenie_Step7_Serv_NES-768x1086.jpg 768w, https:\/\/www.eleca.eu\/wp-content\/uploads\/2021\/02\/Siemens_Osvedcenie_Step7_Serv_NES-1086x1536.jpg 1086w, https:\/\/www.eleca.eu\/wp-content\/uploads\/2021\/02\/Siemens_Osvedcenie_Step7_Serv_NES-1448x2048.jpg 1448w, https:\/\/www.eleca.eu\/wp-content\/uploads\/2021\/02\/Siemens_Osvedcenie_Step7_Serv_NES.jpg 1653w\" sizes=\"100vw\" \/><\/a>\n\t\t\t<\/div><\/figure><figure class='gallery-item'>\n\t\t\t<div class='gallery-icon landscape'>\n\t\t\t\t<a href='https:\/\/www.eleca.eu\/?attachment_id=784'><img loading=\"lazy\" decoding=\"async\" width=\"300\" height=\"214\" src=\"https:\/\/www.eleca.eu\/wp-content\/uploads\/2021\/02\/TelekomUradRadio-300x214.jpg\" class=\"attachment-medium size-medium\" alt=\"\" srcset=\"https:\/\/www.eleca.eu\/wp-content\/uploads\/2021\/02\/TelekomUradRadio-300x214.jpg 300w, https:\/\/www.eleca.eu\/wp-content\/uploads\/2021\/02\/TelekomUradRadio-1024x731.jpg 1024w, https:\/\/www.eleca.eu\/wp-content\/uploads\/2021\/02\/TelekomUradRadio-768x548.jpg 768w, https:\/\/www.eleca.eu\/wp-content\/uploads\/2021\/02\/TelekomUradRadio.jpg 1358w\" sizes=\"100vw\" \/><\/a>\n\t\t\t<\/div><\/figure><figure class='gallery-item'>\n\t\t\t<div class='gallery-icon portrait'>\n\t\t\t\t<a href='https:\/\/www.eleca.eu\/?attachment_id=785'><img loading=\"lazy\" decoding=\"async\" width=\"212\" height=\"300\" src=\"https:\/\/www.eleca.eu\/wp-content\/uploads\/2021\/02\/Zertifikat_ATN-212x300.jpg\" class=\"attachment-medium size-medium\" alt=\"\" srcset=\"https:\/\/www.eleca.eu\/wp-content\/uploads\/2021\/02\/Zertifikat_ATN-212x300.jpg 212w, https:\/\/www.eleca.eu\/wp-content\/uploads\/2021\/02\/Zertifikat_ATN-724x1024.jpg 724w, https:\/\/www.eleca.eu\/wp-content\/uploads\/2021\/02\/Zertifikat_ATN-768x1086.jpg 768w, https:\/\/www.eleca.eu\/wp-content\/uploads\/2021\/02\/Zertifikat_ATN-1086x1536.jpg 1086w, https:\/\/www.eleca.eu\/wp-content\/uploads\/2021\/02\/Zertifikat_ATN-1448x2048.jpg 1448w, https:\/\/www.eleca.eu\/wp-content\/uploads\/2021\/02\/Zertifikat_ATN.jpg 1653w\" sizes=\"100vw\" \/><\/a>\n\t\t\t<\/div><\/figure><figure class='gallery-item'>\n\t\t\t<div class='gallery-icon portrait'>\n\t\t\t\t<a href='https:\/\/www.eleca.eu\/?attachment_id=786'><img loading=\"lazy\" decoding=\"async\" width=\"212\" height=\"300\" src=\"https:\/\/www.eleca.eu\/wp-content\/uploads\/2021\/02\/SCAN_20161003_095748473-212x300.jpg\" class=\"attachment-medium size-medium\" alt=\"\" srcset=\"https:\/\/www.eleca.eu\/wp-content\/uploads\/2021\/02\/SCAN_20161003_095748473-212x300.jpg 212w, https:\/\/www.eleca.eu\/wp-content\/uploads\/2021\/02\/SCAN_20161003_095748473-724x1024.jpg 724w, https:\/\/www.eleca.eu\/wp-content\/uploads\/2021\/02\/SCAN_20161003_095748473-768x1086.jpg 768w, https:\/\/www.eleca.eu\/wp-content\/uploads\/2021\/02\/SCAN_20161003_095748473-1086x1536.jpg 1086w, https:\/\/www.eleca.eu\/wp-content\/uploads\/2021\/02\/SCAN_20161003_095748473-1448x2048.jpg 1448w, https:\/\/www.eleca.eu\/wp-content\/uploads\/2021\/02\/SCAN_20161003_095748473-scaled.jpg 1810w\" sizes=\"100vw\" \/><\/a>\n\t\t\t<\/div><\/figure><figure class='gallery-item'>\n\t\t\t<div class='gallery-icon portrait'>\n\t\t\t\t<a href='https:\/\/www.eleca.eu\/?attachment_id=787'><img loading=\"lazy\" decoding=\"async\" width=\"212\" height=\"300\" src=\"https:\/\/www.eleca.eu\/wp-content\/uploads\/2021\/02\/SCAN_20161003_101633956-212x300.jpg\" class=\"attachment-medium size-medium\" alt=\"\" srcset=\"https:\/\/www.eleca.eu\/wp-content\/uploads\/2021\/02\/SCAN_20161003_101633956-212x300.jpg 212w, https:\/\/www.eleca.eu\/wp-content\/uploads\/2021\/02\/SCAN_20161003_101633956-724x1024.jpg 724w, https:\/\/www.eleca.eu\/wp-content\/uploads\/2021\/02\/SCAN_20161003_101633956-768x1086.jpg 768w, https:\/\/www.eleca.eu\/wp-content\/uploads\/2021\/02\/SCAN_20161003_101633956-1086x1536.jpg 1086w, https:\/\/www.eleca.eu\/wp-content\/uploads\/2021\/02\/SCAN_20161003_101633956-1448x2048.jpg 1448w, https:\/\/www.eleca.eu\/wp-content\/uploads\/2021\/02\/SCAN_20161003_101633956-scaled.jpg 1810w\" sizes=\"100vw\" \/><\/a>\n\t\t\t<\/div><\/figure><figure class='gallery-item'>\n\t\t\t<div class='gallery-icon portrait'>\n\t\t\t\t<a href='https:\/\/www.eleca.eu\/?attachment_id=788'><img loading=\"lazy\" decoding=\"async\" width=\"212\" height=\"300\" src=\"https:\/\/www.eleca.eu\/wp-content\/uploads\/2021\/02\/Certificate_Efector_Ifm-212x300.jpg\" class=\"attachment-medium size-medium\" alt=\"\" srcset=\"https:\/\/www.eleca.eu\/wp-content\/uploads\/2021\/02\/Certificate_Efector_Ifm-212x300.jpg 212w, https:\/\/www.eleca.eu\/wp-content\/uploads\/2021\/02\/Certificate_Efector_Ifm-724x1024.jpg 724w, https:\/\/www.eleca.eu\/wp-content\/uploads\/2021\/02\/Certificate_Efector_Ifm-768x1086.jpg 768w, https:\/\/www.eleca.eu\/wp-content\/uploads\/2021\/02\/Certificate_Efector_Ifm-1086x1536.jpg 1086w, https:\/\/www.eleca.eu\/wp-content\/uploads\/2021\/02\/Certificate_Efector_Ifm-1448x2048.jpg 1448w, https:\/\/www.eleca.eu\/wp-content\/uploads\/2021\/02\/Certificate_Efector_Ifm.jpg 1653w\" sizes=\"100vw\" \/><\/a>\n\t\t\t<\/div><\/figure><figure class='gallery-item'>\n\t\t\t<div class='gallery-icon portrait'>\n\t\t\t\t<a href='https:\/\/www.eleca.eu\/?attachment_id=789'><img loading=\"lazy\" decoding=\"async\" width=\"212\" height=\"300\" src=\"https:\/\/www.eleca.eu\/wp-content\/uploads\/2021\/02\/Zertifikat_KBA_Elektriker_Rapida-212x300.jpg\" class=\"attachment-medium size-medium\" alt=\"\" srcset=\"https:\/\/www.eleca.eu\/wp-content\/uploads\/2021\/02\/Zertifikat_KBA_Elektriker_Rapida-212x300.jpg 212w, https:\/\/www.eleca.eu\/wp-content\/uploads\/2021\/02\/Zertifikat_KBA_Elektriker_Rapida-724x1024.jpg 724w, https:\/\/www.eleca.eu\/wp-content\/uploads\/2021\/02\/Zertifikat_KBA_Elektriker_Rapida-768x1086.jpg 768w, https:\/\/www.eleca.eu\/wp-content\/uploads\/2021\/02\/Zertifikat_KBA_Elektriker_Rapida-1086x1536.jpg 1086w, https:\/\/www.eleca.eu\/wp-content\/uploads\/2021\/02\/Zertifikat_KBA_Elektriker_Rapida-1448x2048.jpg 1448w, https:\/\/www.eleca.eu\/wp-content\/uploads\/2021\/02\/Zertifikat_KBA_Elektriker_Rapida.jpg 1653w\" sizes=\"100vw\" \/><\/a>\n\t\t\t<\/div><\/figure><figure class='gallery-item'>\n\t\t\t<div class='gallery-icon portrait'>\n\t\t\t\t<a href='https:\/\/www.eleca.eu\/?attachment_id=790'><img loading=\"lazy\" decoding=\"async\" width=\"212\" height=\"300\" src=\"https:\/\/www.eleca.eu\/wp-content\/uploads\/2021\/02\/Certifikat_TPM_Frauenhofer-212x300.jpg\" class=\"attachment-medium size-medium\" alt=\"\" srcset=\"https:\/\/www.eleca.eu\/wp-content\/uploads\/2021\/02\/Certifikat_TPM_Frauenhofer-212x300.jpg 212w, https:\/\/www.eleca.eu\/wp-content\/uploads\/2021\/02\/Certifikat_TPM_Frauenhofer-724x1024.jpg 724w, https:\/\/www.eleca.eu\/wp-content\/uploads\/2021\/02\/Certifikat_TPM_Frauenhofer-768x1086.jpg 768w, https:\/\/www.eleca.eu\/wp-content\/uploads\/2021\/02\/Certifikat_TPM_Frauenhofer-1086x1536.jpg 1086w, https:\/\/www.eleca.eu\/wp-content\/uploads\/2021\/02\/Certifikat_TPM_Frauenhofer-1448x2048.jpg 1448w, https:\/\/www.eleca.eu\/wp-content\/uploads\/2021\/02\/Certifikat_TPM_Frauenhofer.jpg 1653w\" sizes=\"100vw\" \/><\/a>\n\t\t\t<\/div><\/figure><figure class='gallery-item'>\n\t\t\t<div class='gallery-icon landscape'>\n\t\t\t\t<a href='https:\/\/www.eleca.eu\/?attachment_id=836'><img loading=\"lazy\" decoding=\"async\" width=\"300\" height=\"164\" src=\"https:\/\/www.eleca.eu\/wp-content\/uploads\/2021\/02\/Patent-3-300x164.jpg\" class=\"attachment-medium size-medium\" alt=\"\" srcset=\"https:\/\/www.eleca.eu\/wp-content\/uploads\/2021\/02\/Patent-3-300x164.jpg 300w, https:\/\/www.eleca.eu\/wp-content\/uploads\/2021\/02\/Patent-3-1024x558.jpg 1024w, https:\/\/www.eleca.eu\/wp-content\/uploads\/2021\/02\/Patent-3-768x419.jpg 768w, https:\/\/www.eleca.eu\/wp-content\/uploads\/2021\/02\/Patent-3-1536x837.jpg 1536w, https:\/\/www.eleca.eu\/wp-content\/uploads\/2021\/02\/Patent-3.jpg 1899w\" sizes=\"100vw\" \/><\/a>\n\t\t\t<\/div><\/figure>\n\t\t<\/div>\n\n","protected":false},"excerpt":{"rendered":"<p>Na tomto mieste n\u00e1jdete na\u0161e certifik\u00e1ty a osved\u010denia<\/p>\n","protected":false},"author":2,"featured_media":0,"parent":0,"menu_order":0,"comment_status":"closed","ping_status":"closed","template":"","meta":{"footnotes":""},"_links":{"self":[{"href":"https:\/\/www.eleca.eu\/index.php?rest_route=\/wp\/v2\/pages\/334"}],"collection":[{"href":"https:\/\/www.eleca.eu\/index.php?rest_route=\/wp\/v2\/pages"}],"about":[{"href":"https:\/\/www.eleca.eu\/index.php?rest_route=\/wp\/v2\/types\/page"}],"author":[{"embeddable":true,"href":"https:\/\/www.eleca.eu\/index.php?rest_route=\/wp\/v2\/users\/2"}],"replies":[{"embeddable":true,"href":"https:\/\/www.eleca.eu\/index.php?rest_route=%2Fwp%2Fv2%2Fcomments&post=334"}],"version-history":[{"count":4,"href":"https:\/\/www.eleca.eu\/index.php?rest_route=\/wp\/v2\/pages\/334\/revisions"}],"predecessor-version":[{"id":885,"href":"https:\/\/www.eleca.eu\/index.php?rest_route=\/wp\/v2\/pages\/334\/revisions\/885"}],"wp:attachment":[{"href":"https:\/\/www.eleca.eu\/index.php?rest_route=%2Fwp%2Fv2%2Fmedia&parent=334"}],"curies":[{"name":"wp","href":"https:\/\/api.w.org\/{rel}","templated":true}]}}